{"id":543,"date":"2025-06-30T17:38:53","date_gmt":"2025-06-30T15:38:53","guid":{"rendered":"https:\/\/zumbahua.gob.ec\/cotopaxi\/projects\/"},"modified":"2025-07-22T17:19:16","modified_gmt":"2025-07-22T15:19:16","slug":"projects","status":"publish","type":"page","link":"https:\/\/zumbahua.gob.ec\/cotopaxi\/projects\/","title":{"rendered":"Zumbahua"},"content":{"rendered":"\t\t<div data-elementor-type=\"wp-post\" data-elementor-id=\"543\" class=\"elementor elementor-543\" data-elementor-post-type=\"page\">\n\t\t\t\t<div data-particle_enable=\"false\" data-particle-mobile-disabled=\"false\" class=\"elementor-element elementor-element-ccedb03 e-flex e-con-boxed wpr-particle-no wpr-jarallax-no wpr-parallax-no wpr-sticky-section-no e-con e-parent\" data-id=\"ccedb03\" data-element_type=\"container\" data-settings=\"{&quot;background_background&quot;:&quot;slideshow&quot;,&quot;background_slideshow_gallery&quot;:[{&quot;id&quot;:1311,&quot;url&quot;:&quot;https:\\\/\\\/zumbahua.gob.ec\\\/cotopaxi\\\/wp-content\\\/uploads\\\/2025\\\/06\\\/ZUMBAHUA-3-min.png&quot;},{&quot;id&quot;:1304,&quot;url&quot;:&quot;https:\\\/\\\/zumbahua.gob.ec\\\/cotopaxi\\\/wp-content\\\/uploads\\\/2025\\\/06\\\/35807726241_78a5fe6209_b.jpg&quot;},{&quot;id&quot;:1343,&quot;url&quot;:&quot;https:\\\/\\\/zumbahua.gob.ec\\\/cotopaxi\\\/wp-content\\\/uploads\\\/2025\\\/06\\\/ZUMBAHUA-2.png&quot;},{&quot;id&quot;:1521,&quot;url&quot;:&quot;https:\\\/\\\/zumbahua.gob.ec\\\/cotopaxi\\\/wp-content\\\/uploads\\\/2025\\\/07\\\/MASCARAS-DE-TIGUA-2.png&quot;},{&quot;id&quot;:1522,&quot;url&quot;:&quot;https:\\\/\\\/zumbahua.gob.ec\\\/cotopaxi\\\/wp-content\\\/uploads\\\/2025\\\/07\\\/CAON-DEL-RIO-TOACHI.png&quot;},{&quot;id&quot;:3470,&quot;url&quot;:&quot;https:\\\/\\\/zumbahua.gob.ec\\\/cotopaxi\\\/wp-content\\\/uploads\\\/2025\\\/07\\\/R.jpeg&quot;},{&quot;id&quot;:3469,&quot;url&quot;:&quot;https:\\\/\\\/zumbahua.gob.ec\\\/cotopaxi\\\/wp-content\\\/uploads\\\/2025\\\/07\\\/zumbahua-1-750x500-1.jpg&quot;}],&quot;background_slideshow_transition_duration&quot;:200,&quot;shape_divider_bottom&quot;:&quot;mountains&quot;,&quot;background_slideshow_slide_duration&quot;:2000,&quot;background_slideshow_loop&quot;:&quot;yes&quot;,&quot;background_slideshow_slide_transition&quot;:&quot;fade&quot;}\">\n\t\t\t\t\t<div class=\"e-con-inner\">\n\t\t\t\t<div class=\"elementor-shape elementor-shape-bottom\" aria-hidden=\"true\" data-negative=\"false\">\n\t\t\t<svg xmlns=\"http:\/\/www.w3.org\/2000\/svg\" viewBox=\"0 0 1000 100\" preserveAspectRatio=\"none\">\n\t<path class=\"elementor-shape-fill\" opacity=\"0.33\" d=\"M473,67.3c-203.9,88.3-263.1-34-320.3,0C66,119.1,0,59.7,0,59.7V0h1000v59.7 c0,0-62.1,26.1-94.9,29.3c-32.8,3.3-62.8-12.3-75.8-22.1C806,49.6,745.3,8.7,694.9,4.7S492.4,59,473,67.3z\"\/>\n\t<path class=\"elementor-shape-fill\" opacity=\"0.66\" d=\"M734,67.3c-45.5,0-77.2-23.2-129.1-39.1c-28.6-8.7-150.3-10.1-254,39.1 s-91.7-34.4-149.2,0C115.7,118.3,0,39.8,0,39.8V0h1000v36.5c0,0-28.2-18.5-92.1-18.5C810.2,18.1,775.7,67.3,734,67.3z\"\/>\n\t<path class=\"elementor-shape-fill\" d=\"M766.1,28.9c-200-57.5-266,65.5-395.1,19.5C242,1.8,242,5.4,184.8,20.6C128,35.8,132.3,44.9,89.9,52.5C28.6,63.7,0,0,0,0 h1000c0,0-9.9,40.9-83.6,48.1S829.6,47,766.1,28.9z\"\/>\n<\/svg>\t\t<\/div>\n\t\t\t\t<div class=\"elementor-element elementor-element-9f19900 elementor-widget elementor-widget-image\" data-id=\"9f19900\" data-element_type=\"widget\" data-widget_type=\"image.default\">\n\t\t\t\t<div class=\"elementor-widget-container\">\n\t\t\t\t\t\t\t\t\t\t\t\t\t\t\t<img fetchpriority=\"high\" decoding=\"async\" width=\"498\" height=\"117\" src=\"https:\/\/zumbahua.gob.ec\/cotopaxi\/wp-content\/uploads\/2025\/07\/LOGOTIPO_ZUMBAHUAa.png\" class=\"attachment-large size-large wp-image-4184\" alt=\"\" srcset=\"https:\/\/zumbahua.gob.ec\/cotopaxi\/wp-content\/uploads\/2025\/07\/LOGOTIPO_ZUMBAHUAa.png 498w, https:\/\/zumbahua.gob.ec\/cotopaxi\/wp-content\/uploads\/2025\/07\/LOGOTIPO_ZUMBAHUAa-300x70.png 300w\" sizes=\"(max-width: 498px) 100vw, 498px\" \/>\t\t\t\t\t\t\t\t\t\t\t\t\t\t\t<\/div>\n\t\t\t\t<\/div>\n\t\t\t\t\t<\/div>\n\t\t\t\t<\/div>\n\t\t<div data-particle_enable=\"false\" data-particle-mobile-disabled=\"false\" class=\"elementor-element elementor-element-2aeac19 e-flex e-con-boxed wpr-particle-no wpr-jarallax-no wpr-parallax-no wpr-sticky-section-no e-con e-parent\" data-id=\"2aeac19\" data-element_type=\"container\">\n\t\t\t\t\t<div class=\"e-con-inner\">\n\t\t\t\t<div class=\"elementor-element elementor-element-2d7cfd5 wpr-fancy-text-zoom wpr-advanced-text-style-animated wpr-animated-text-infinite-yes elementor-widget elementor-widget-wpr-advanced-text\" data-id=\"2d7cfd5\" data-element_type=\"widget\" data-settings=\"{&quot;anim_loop&quot;:&quot;yes&quot;}\" data-widget_type=\"wpr-advanced-text.default\">\n\t\t\t\t<div class=\"elementor-widget-container\">\n\t\t\t\t\t\n\t\t<h3 class=\"wpr-advanced-text\">\n\n\t\t\t\t\t\n\t\t\t\t\t\t\t<span class=\"wpr-advanced-text-preffix\">Historia de <\/span>\n\t\t\t\n\t\t<span class=\"wpr-anim-text wpr-anim-text-type-zoom\" data-anim-duration=\"3000,2000\" data-anim-loop=\"yes\">\n\t\t\t<span class=\"wpr-anim-text-inner\">\n\t\t\t\t\t\t\t\t\t<b>Zumbahua<\/b>\n\t\t\t\t\t\t\t<\/span>\n\t\t\t\t\t<\/span>\n\n\t\t\t\t\n\t\t<\/h3>\n\t\t\n\t\t\t\t\t\t<\/div>\n\t\t\t\t<\/div>\n\t\t\t\t\t<\/div>\n\t\t\t\t<\/div>\n\t\t<div data-particle_enable=\"false\" data-particle-mobile-disabled=\"false\" class=\"elementor-element elementor-element-4102d76 e-flex e-con-boxed wpr-particle-no wpr-jarallax-no wpr-parallax-no wpr-sticky-section-no e-con e-parent\" data-id=\"4102d76\" data-element_type=\"container\">\n\t\t\t\t\t<div class=\"e-con-inner\">\n\t\t\t\t<div class=\"elementor-element elementor-element-55e3418  ui-split-animate ui-splitby-words elementor-widget elementor-widget-text-editor\" data-id=\"55e3418\" data-element_type=\"widget\" data-settings=\"{&quot;ui_animate_split&quot;:&quot;ui-split-animate&quot;,&quot;ui_animate_split_by&quot;:&quot;words&quot;,&quot;ui_animate_split_style&quot;:&quot;zoomIn&quot;}\" data-widget_type=\"text-editor.default\">\n\t\t\t\t<div class=\"elementor-widget-container\">\n\t\t\t\t\t\t\t\t\t<p>En ese entonces hace a\u00f1os atr\u00e1s en la que ahora es la parroquia de Zumbahua, solo exist\u00edan dos comunas, la comuna la cocha y la comuna Zumbahua y Mocata en la d\u00e9cada de los 40\u00a0 a 50\u00a0 estos sectores una vez que ya se forma la comuna 1972 se forma la parroquia de Zumbahua\u00a0 el 16\u00a0 junio de 1972 y los sectores se vuelven comunas, y las tierras de las haciendas con la ley de la reforma agraria en 1965 se entregan las tierras a los comuneros o los huasipungueros, antes de 1965 fue una lucha constante por parte de los dirigentes ind\u00edgenas que luchaban contra el abuso de los patrones, los patrones ten\u00edan la hacienda del Chuquiragua que significaba terrenos en el territorio en la costa, desde Milin y Mocata hay un desvi\u00f3 yendo de Zumbahua entrando a mano derecha ah\u00ed era la boca de la monta\u00f1a ah\u00ed hab\u00edan todos los productos de la costa, all\u00e1 iban a trabajar las personas o los comuneros que ten\u00edan el huasipungo y las mujeres quedaban solas, las mujeres que se quedaban solas tambi\u00e9n prestaban sus servicios en la hacienda como barrer escarmenar\u00a0 la lana de borrego, pastos de ovejas, eran consideradas huasicama, cuchicama, yacucama ellas hac\u00edan ese tipo de trabajos, en donde los patrones abusaban de las mujeres que se quedaban solas, y los varones se iban al cuidado de un mes eran misadas que iban un mes a cuidar a los animales, los ganados en la boca de la monta\u00f1a.<\/p>\t\t\t\t\t\t\t\t<\/div>\n\t\t\t\t<\/div>\n\t\t\t\t\t<\/div>\n\t\t\t\t<\/div>\n\t\t<div data-particle_enable=\"false\" data-particle-mobile-disabled=\"false\" class=\"elementor-element elementor-element-1980f20 e-flex e-con-boxed wpr-particle-no wpr-jarallax-no wpr-parallax-no wpr-sticky-section-no e-con e-parent\" data-id=\"1980f20\" data-element_type=\"container\">\n\t\t\t\t\t<div class=\"e-con-inner\">\n\t\t\t\t<div class=\"elementor-element elementor-element-c8144ac wpr-flip-box-animation-fade wpr-flip-box-front-align-center wpr-flip-box-back-align-center elementor-widget elementor-widget-wpr-flip-box\" data-id=\"c8144ac\" data-element_type=\"widget\" data-widget_type=\"wpr-flip-box.default\">\n\t\t\t\t<div class=\"elementor-widget-container\">\n\t\t\t\t\t\t\t\t\n\t\t<div class=\"wpr-flip-box\" data-trigger=\"hover\">\n\t\t\t\n\t\t\t<div class=\"wpr-flip-box-item wpr-flip-box-front wpr-anim-timing-ease-default\">\n\n\t\t\t\t<div class=\"wpr-flip-box-overlay\"><\/div>\n\n\t\t\t\t<div class=\"wpr-flip-box-content\">\n\t\t\t\t\t\n\t\t\t\t\t\t\t\t\t\t\n\t\t\t\t\t\n\t\t\t\t\t\t\n\n\t\t\t\t\t\t\n\n\t\t\t\t<\/div>\n\t\t\t<\/div>\n\n\t\t\t<div class=\"wpr-flip-box-item wpr-flip-box-back wpr-anim-timing-ease-default\">\n\n\t\t\t\t<div class=\"wpr-flip-box-overlay\"><\/div>\n\t\t\t\t\n\t\t\t\t<div class=\"wpr-flip-box-content\">\n\t\t\t\t\t\n\t\t\t\t\t\t\t\t\t\t<a class=\"wpr-flip-box-link\" href=\"#\"><\/a>\t\n\t\t\t\t\t\n\t\t\t\t\t\t\t\t\t\t\n\t\t\t\t\t\n\t\t\t\t\t\t\n\n\t\t\t\t\t\t\n\n\t\t\t\t<\/div>\n\t\t\t<\/div>\n\t\t<\/div>\n\n\t\t\t\t\t\t<\/div>\n\t\t\t\t<\/div>\n\t\t\t\t\t<\/div>\n\t\t\t\t<\/div>\n\t\t<div data-particle_enable=\"false\" data-particle-mobile-disabled=\"false\" class=\"elementor-element elementor-element-15e5ad4 e-flex e-con-boxed wpr-particle-no wpr-jarallax-no wpr-parallax-no wpr-sticky-section-no e-con e-parent\" data-id=\"15e5ad4\" data-element_type=\"container\">\n\t\t\t\t\t<div class=\"e-con-inner\">\n\t\t\t\t\t<\/div>\n\t\t\t\t<\/div>\n\t\t\t\t<\/div>\n\t\t\n    <div class=\"xs_social_share_widget xs_share_url after_content \t\tmain_content  wslu-style-1 wslu-share-box-shaped wslu-fill-colored wslu-none wslu-share-horizontal wslu-theme-font-no wslu-main_content\">\n\n\t\t\n        <ul>\n\t\t\t        <\/ul>\n    <\/div> \n","protected":false},"excerpt":{"rendered":"<p>Historia de Zumbahua En ese entonces hace a\u00f1os atr\u00e1s en la que ahora es la parroquia de Zumbahua, solo exist\u00edan dos comunas, la comuna la cocha y la comuna Zumbahua y Mocata en la d\u00e9cada de los 40\u00a0 a 50\u00a0 estos sectores una vez que ya se forma la comuna 1972 se forma la parroquia de Zumbahua\u00a0 el 16\u00a0 junio de 1972 y los sectores se vuelven comunas, y las tierras de las haciendas con la ley de la reforma agraria en 1965 se entregan las tierras a los comuneros o los huasipungueros, antes de 1965 fue una lucha constante por parte de los dirigentes ind\u00edgenas que luchaban contra el abuso de los patrones, los patrones ten\u00edan la hacienda del Chuquiragua que significaba terrenos en el territorio en la costa, desde Milin y Mocata hay un desvi\u00f3 yendo de Zumbahua entrando a mano derecha ah\u00ed era la boca de la monta\u00f1a ah\u00ed hab\u00edan todos los productos de la costa, all\u00e1 iban a trabajar las personas o los comuneros que ten\u00edan el huasipungo y las mujeres quedaban solas, las mujeres que se quedaban solas tambi\u00e9n prestaban sus servicios en la hacienda como barrer escarmenar\u00a0 la lana de borrego, pastos de ovejas, eran consideradas huasicama, cuchicama, yacucama ellas hac\u00edan ese tipo de trabajos, en donde los patrones abusaban de las mujeres que se quedaban solas, y los varones se iban al cuidado de un mes eran misadas que iban un mes a cuidar a los animales, los ganados en la boca de la monta\u00f1a.<\/p>\n","protected":false},"author":1,"featured_media":0,"parent":0,"menu_order":0,"comment_status":"closed","ping_status":"closed","template":"","meta":{"_eb_attr":"","postBodyCss":"","postBodyMargin":[],"postBodyPadding":[],"postBodyBackground":{"backgroundType":"classic","gradient":""},"site-sidebar-layout":"no-sidebar","site-content-layout":"page-builder","ast-site-content-layout":"full-width-container","site-content-style":"unboxed","site-sidebar-style":"unboxed","ast-global-header-display":"","ast-banner-title-visibility":"","ast-main-header-display":"","ast-hfb-above-header-display":"","ast-hfb-below-header-display":"","ast-hfb-mobile-header-display":"","site-post-title":"disabled","ast-breadcrumbs-content":"","ast-featured-img":"disabled","footer-sml-layout":"","ast-disable-related-posts":"","theme-transparent-header-meta":"enabled","adv-header-id-meta":"","stick-header-meta":"","header-above-stick-meta":"","header-main-stick-meta":"","header-below-stick-meta":"","astra-migrate-meta-layouts":"set","ast-page-background-enabled":"default","ast-page-background-meta":{"desktop":{"background-color":"","background-image":"","background-repeat":"repeat","background-position":"center center","background-size":"auto","background-attachment":"scroll","background-type":"","background-media":"","overlay-type":"","overlay-color":"","overlay-opacity":"","overlay-gradient":""},"tablet":{"background-color":"","background-image":"","background-repeat":"repeat","background-position":"center center","background-size":"auto","background-attachment":"scroll","background-type":"","background-media":"","overlay-type":"","overlay-color":"","overlay-opacity":"","overlay-gradient":""},"mobile":{"background-color":"","background-image":"","background-repeat":"repeat","background-position":"center center","background-size":"auto","background-attachment":"scroll","background-type":"","background-media":"","overlay-type":"","overlay-color":"","overlay-opacity":"","overlay-gradient":""}},"ast-content-background-meta":{"desktop":{"background-color":"var(--ast-global-color-5)","background-image":"","background-repeat":"repeat","background-position":"center center","background-size":"auto","background-attachment":"scroll","background-type":"","background-media":"","overlay-type":"","overlay-color":"","overlay-opacity":"","overlay-gradient":""},"tablet":{"background-color":"var(--ast-global-color-5)","background-image":"","background-repeat":"repeat","background-position":"center center","background-size":"auto","background-attachment":"scroll","background-type":"","background-media":"","overlay-type":"","overlay-color":"","overlay-opacity":"","overlay-gradient":""},"mobile":{"background-color":"var(--ast-global-color-5)","background-image":"","background-repeat":"repeat","background-position":"center center","background-size":"auto","background-attachment":"scroll","background-type":"","background-media":"","overlay-type":"","overlay-color":"","overlay-opacity":"","overlay-gradient":""}},"footnotes":""},"class_list":["post-543","page","type-page","status-publish","hentry"],"_links":{"self":[{"href":"https:\/\/zumbahua.gob.ec\/cotopaxi\/wp-json\/wp\/v2\/pages\/543","targetHints":{"allow":["GET"]}}],"collection":[{"href":"https:\/\/zumbahua.gob.ec\/cotopaxi\/wp-json\/wp\/v2\/pages"}],"about":[{"href":"https:\/\/zumbahua.gob.ec\/cotopaxi\/wp-json\/wp\/v2\/types\/page"}],"author":[{"embeddable":true,"href":"https:\/\/zumbahua.gob.ec\/cotopaxi\/wp-json\/wp\/v2\/users\/1"}],"replies":[{"embeddable":true,"href":"https:\/\/zumbahua.gob.ec\/cotopaxi\/wp-json\/wp\/v2\/comments?post=543"}],"version-history":[{"count":100,"href":"https:\/\/zumbahua.gob.ec\/cotopaxi\/wp-json\/wp\/v2\/pages\/543\/revisions"}],"predecessor-version":[{"id":5309,"href":"https:\/\/zumbahua.gob.ec\/cotopaxi\/wp-json\/wp\/v2\/pages\/543\/revisions\/5309"}],"wp:attachment":[{"href":"https:\/\/zumbahua.gob.ec\/cotopaxi\/wp-json\/wp\/v2\/media?parent=543"}],"curies":[{"name":"wp","href":"https:\/\/api.w.org\/{rel}","templated":true}]}}