{"id":2354,"date":"2025-07-07T01:34:34","date_gmt":"2025-07-06T23:34:34","guid":{"rendered":"https:\/\/zumbahua.gob.ec\/cotopaxi\/?page_id=2354"},"modified":"2025-07-11T08:52:11","modified_gmt":"2025-07-11T06:52:11","slug":"noticia-1-2","status":"publish","type":"page","link":"https:\/\/zumbahua.gob.ec\/cotopaxi\/noticia-1-2\/","title":{"rendered":"Noticia 1"},"content":{"rendered":"\t\t<div data-elementor-type=\"wp-page\" data-elementor-id=\"2354\" class=\"elementor elementor-2354\" data-elementor-post-type=\"page\">\n\t\t\t\t<div data-particle_enable=\"false\" data-particle-mobile-disabled=\"false\" class=\"elementor-element elementor-element-24686a9 e-con-full e-flex wpr-particle-no wpr-jarallax-no wpr-parallax-no wpr-sticky-section-no e-con e-parent\" data-id=\"24686a9\" data-element_type=\"container\" data-settings=\"{&quot;background_background&quot;:&quot;classic&quot;}\">\n\t\t\t\t<div class=\"elementor-element elementor-element-b9346d2 elementor-widget elementor-widget-image\" data-id=\"b9346d2\" data-element_type=\"widget\" data-widget_type=\"image.default\">\n\t\t\t\t<div class=\"elementor-widget-container\">\n\t\t\t\t\t\t\t\t\t\t\t\t\t\t\t<img fetchpriority=\"high\" decoding=\"async\" width=\"746\" height=\"112\" src=\"https:\/\/zumbahua.gob.ec\/cotopaxi\/wp-content\/uploads\/2025\/07\/LOGO-NOTICIAS.png\" class=\"attachment-large size-large wp-image-1987\" alt=\"\" srcset=\"https:\/\/zumbahua.gob.ec\/cotopaxi\/wp-content\/uploads\/2025\/07\/LOGO-NOTICIAS.png 746w, https:\/\/zumbahua.gob.ec\/cotopaxi\/wp-content\/uploads\/2025\/07\/LOGO-NOTICIAS-300x45.png 300w\" sizes=\"(max-width: 746px) 100vw, 746px\" \/>\t\t\t\t\t\t\t\t\t\t\t\t\t\t\t<\/div>\n\t\t\t\t<\/div>\n\t\t\t\t<\/div>\n\t\t<div data-particle_enable=\"false\" data-particle-mobile-disabled=\"false\" class=\"elementor-element elementor-element-130dfe7 e-flex e-con-boxed wpr-particle-no wpr-jarallax-no wpr-parallax-no wpr-sticky-section-no e-con e-parent\" data-id=\"130dfe7\" data-element_type=\"container\">\n\t\t\t\t\t<div class=\"e-con-inner\">\n\t\t<div data-particle_enable=\"false\" data-particle-mobile-disabled=\"false\" class=\"elementor-element elementor-element-265edf1 e-con-full e-flex wpr-particle-no wpr-jarallax-no wpr-parallax-no wpr-sticky-section-no e-con e-child\" data-id=\"265edf1\" data-element_type=\"container\">\n\t\t\t\t<div class=\"elementor-element elementor-element-6a08e34 elementor-widget elementor-widget-text-editor\" data-id=\"6a08e34\" data-element_type=\"widget\" data-widget_type=\"text-editor.default\">\n\t\t\t\t<div class=\"elementor-widget-container\">\n\t\t\t\t\t\t\t\t\t<p data-start=\"169\" data-end=\"263\"><strong data-start=\"171\" data-end=\"263\">Damos inicio al mantenimiento vial y destape de pases de agua en la comunidad de Chami<\/strong><\/p><p data-start=\"265\" data-end=\"684\">El GAD Parroquial de Zumbahua, en coordinaci\u00f3n con l\u00edderes comunitarios y con el apoyo de maquinaria gestionada, ha puesto en marcha el <strong data-start=\"401\" data-end=\"463\">proyecto de mantenimiento vial y limpieza de pasos de agua<\/strong> en la comunidad de <strong data-start=\"483\" data-end=\"492\">Chami<\/strong>. Esta intervenci\u00f3n forma parte del plan de mejoramiento de v\u00edas rurales que busca fortalecer la conectividad entre sectores y responder a las necesidades prioritarias de nuestras comunidades.<\/p>\t\t\t\t\t\t\t\t<\/div>\n\t\t\t\t<\/div>\n\t\t<div data-particle_enable=\"false\" data-particle-mobile-disabled=\"false\" class=\"elementor-element elementor-element-e499dce e-con-full e-flex wpr-particle-no wpr-jarallax-no wpr-parallax-no wpr-sticky-section-no e-con e-child\" data-id=\"e499dce\" data-element_type=\"container\">\n\t\t\t\t<div class=\"elementor-element elementor-element-732c662 elementor-widget elementor-widget-text-editor\" data-id=\"732c662\" data-element_type=\"widget\" data-widget_type=\"text-editor.default\">\n\t\t\t\t<div class=\"elementor-widget-container\">\n\t\t\t\t\t\t\t\t\t<p data-start=\"686\" data-end=\"955\">Los trabajos incluyen la rehabilitaci\u00f3n de caminos de segundo y tercer orden, la limpieza de cunetas, el destape de drenajes y pasos de agua obstruidos, as\u00ed como el perfilado de la v\u00eda para facilitar la movilidad peatonal y vehicular, especialmente en \u00e9pocas de lluvia.<\/p><p data-start=\"957\" data-end=\"1192\">Con estas acciones, se mejora notablemente el acceso a servicios b\u00e1sicos como salud, educaci\u00f3n y transporte, adem\u00e1s de favorecer la comercializaci\u00f3n de productos agr\u00edcolas y ganaderos, que son el sustento de muchas familias del sector.<\/p><p data-start=\"1194\" data-end=\"1483\">Desde el GAD Parroquial de Zumbahua reafirmamos nuestro compromiso con el desarrollo integral de nuestras comunidades. Seguimos trabajando con responsabilidad, transparencia y cercan\u00eda, construyendo una parroquia m\u00e1s conectada, productiva y con mejores condiciones de vida para todos.\u00a0<\/p>\t\t\t\t\t\t\t\t<\/div>\n\t\t\t\t<\/div>\n\t\t\t\t<\/div>\n\t\t\t\t<\/div>\n\t\t<div data-particle_enable=\"false\" data-particle-mobile-disabled=\"false\" class=\"elementor-element elementor-element-490d68f e-con-full e-flex wpr-particle-no wpr-jarallax-no wpr-parallax-no wpr-sticky-section-no e-con e-child\" data-id=\"490d68f\" data-element_type=\"container\">\n\t\t\t\t<div class=\"elementor-element elementor-element-ff0abf8 elementor-widget elementor-widget-image\" data-id=\"ff0abf8\" data-element_type=\"widget\" data-widget_type=\"image.default\">\n\t\t\t\t<div class=\"elementor-widget-container\">\n\t\t\t\t\t\t\t\t\t\t\t\t\t\t\t<img decoding=\"async\" width=\"597\" height=\"676\" src=\"https:\/\/zumbahua.gob.ec\/cotopaxi\/wp-content\/uploads\/2025\/07\/noticia-1.png\" class=\"attachment-full size-full wp-image-1803\" alt=\"\" srcset=\"https:\/\/zumbahua.gob.ec\/cotopaxi\/wp-content\/uploads\/2025\/07\/noticia-1.png 597w, https:\/\/zumbahua.gob.ec\/cotopaxi\/wp-content\/uploads\/2025\/07\/noticia-1-265x300.png 265w\" sizes=\"(max-width: 597px) 100vw, 597px\" \/>\t\t\t\t\t\t\t\t\t\t\t\t\t\t\t<\/div>\n\t\t\t\t<\/div>\n\t\t\t\t<div class=\"elementor-element elementor-element-3822719 elementor-widget elementor-widget-video\" data-id=\"3822719\" data-element_type=\"widget\" data-settings=\"{&quot;video_type&quot;:&quot;hosted&quot;,&quot;controls&quot;:&quot;yes&quot;}\" data-widget_type=\"video.default\">\n\t\t\t\t<div class=\"elementor-widget-container\">\n\t\t\t\t\t\t\t<div class=\"e-hosted-video elementor-wrapper elementor-open-inline\">\n\t\t\t\t\t<video class=\"elementor-video\" src=\"https:\/\/zumbahua.gob.ec\/cotopaxi\/wp-content\/uploads\/2025\/07\/noticia-1_RTZXsU30.mp4\" controls=\"\" preload=\"metadata\" controlsList=\"nodownload\"><\/video>\n\t\t\t\t<\/div>\n\t\t\t\t\t\t<\/div>\n\t\t\t\t<\/div>\n\t\t\t\t<\/div>\n\t\t\t\t\t<\/div>\n\t\t\t\t<\/div>\n\t\t\t\t<\/div>\n\t\t\n    <div class=\"xs_social_share_widget xs_share_url after_content \t\tmain_content  wslu-style-1 wslu-share-box-shaped wslu-fill-colored wslu-none wslu-share-horizontal wslu-theme-font-no wslu-main_content\">\n\n\t\t\n        <ul>\n\t\t\t        <\/ul>\n    <\/div> \n","protected":false},"excerpt":{"rendered":"<p>Damos inicio al mantenimiento vial y destape de pases de agua en la comunidad de Chami El GAD Parroquial de Zumbahua, en coordinaci\u00f3n con l\u00edderes comunitarios y con el apoyo de maquinaria gestionada, ha puesto en marcha el proyecto de mantenimiento vial y limpieza de pasos de agua en la comunidad de Chami. Esta intervenci\u00f3n forma parte del plan de mejoramiento de v\u00edas rurales que busca fortalecer la conectividad entre sectores y responder a las necesidades prioritarias de nuestras comunidades. Los trabajos incluyen la rehabilitaci\u00f3n de caminos de segundo y tercer orden, la limpieza de cunetas, el destape de drenajes y pasos de agua obstruidos, as\u00ed como el perfilado de la v\u00eda para facilitar la movilidad peatonal y vehicular, especialmente en \u00e9pocas de lluvia. Con estas acciones, se mejora notablemente el acceso a servicios b\u00e1sicos como salud, educaci\u00f3n y transporte, adem\u00e1s de favorecer la comercializaci\u00f3n de productos agr\u00edcolas y ganaderos, que son el sustento de muchas familias del sector. Desde el GAD Parroquial de Zumbahua reafirmamos nuestro compromiso con el desarrollo integral de nuestras comunidades. Seguimos trabajando con responsabilidad, transparencia y cercan\u00eda, construyendo una parroquia m\u00e1s conectada, productiva y con mejores condiciones de vida para todos.\u00a0 https:\/\/zumbahua.gob.ec\/cotopaxi\/wp-content\/uploads\/2025\/07\/noticia-1_RTZXsU30.mp4<\/p>\n","protected":false},"author":1,"featured_media":0,"parent":0,"menu_order":0,"comment_status":"closed","ping_status":"closed","template":"","meta":{"_eb_attr":"","postBodyCss":"","postBodyMargin":[],"postBodyPadding":[],"postBodyBackground":{"backgroundType":"classic","gradient":""},"site-sidebar-layout":"no-sidebar","site-content-layout":"page-builder","ast-site-content-layout":"full-width-container","site-content-style":"default","site-sidebar-style":"default","ast-global-header-display":"","ast-banner-title-visibility":"","ast-main-header-display":"","ast-hfb-above-header-display":"","ast-hfb-below-header-display":"","ast-hfb-mobile-header-display":"","site-post-title":"disabled","ast-breadcrumbs-content":"","ast-featured-img":"disabled","footer-sml-layout":"","ast-disable-related-posts":"","theme-transparent-header-meta":"","adv-header-id-meta":"","stick-header-meta":"","header-above-stick-meta":"","header-main-stick-meta":"","header-below-stick-meta":"","astra-migrate-meta-layouts":"set","ast-page-background-enabled":"default","ast-page-background-meta":{"desktop":{"background-color":"","background-image":"","background-repeat":"repeat","background-position":"center center","background-size":"auto","background-attachment":"scroll","background-type":"","background-media":"","overlay-type":"","overlay-color":"","overlay-opacity":"","overlay-gradient":""},"tablet":{"background-color":"","background-image":"","background-repeat":"repeat","background-position":"center center","background-size":"auto","background-attachment":"scroll","background-type":"","background-media":"","overlay-type":"","overlay-color":"","overlay-opacity":"","overlay-gradient":""},"mobile":{"background-color":"","background-image":"","background-repeat":"repeat","background-position":"center center","background-size":"auto","background-attachment":"scroll","background-type":"","background-media":"","overlay-type":"","overlay-color":"","overlay-opacity":"","overlay-gradient":""}},"ast-content-background-meta":{"desktop":{"background-color":"var(--ast-global-color-5)","background-image":"","background-repeat":"repeat","background-position":"center center","background-size":"auto","background-attachment":"scroll","background-type":"","background-media":"","overlay-type":"","overlay-color":"","overlay-opacity":"","overlay-gradient":""},"tablet":{"background-color":"var(--ast-global-color-5)","background-image":"","background-repeat":"repeat","background-position":"center center","background-size":"auto","background-attachment":"scroll","background-type":"","background-media":"","overlay-type":"","overlay-color":"","overlay-opacity":"","overlay-gradient":""},"mobile":{"background-color":"var(--ast-global-color-5)","background-image":"","background-repeat":"repeat","background-position":"center center","background-size":"auto","background-attachment":"scroll","background-type":"","background-media":"","overlay-type":"","overlay-color":"","overlay-opacity":"","overlay-gradient":""}},"footnotes":""},"class_list":["post-2354","page","type-page","status-publish","hentry"],"_links":{"self":[{"href":"https:\/\/zumbahua.gob.ec\/cotopaxi\/wp-json\/wp\/v2\/pages\/2354","targetHints":{"allow":["GET"]}}],"collection":[{"href":"https:\/\/zumbahua.gob.ec\/cotopaxi\/wp-json\/wp\/v2\/pages"}],"about":[{"href":"https:\/\/zumbahua.gob.ec\/cotopaxi\/wp-json\/wp\/v2\/types\/page"}],"author":[{"embeddable":true,"href":"https:\/\/zumbahua.gob.ec\/cotopaxi\/wp-json\/wp\/v2\/users\/1"}],"replies":[{"embeddable":true,"href":"https:\/\/zumbahua.gob.ec\/cotopaxi\/wp-json\/wp\/v2\/comments?post=2354"}],"version-history":[{"count":25,"href":"https:\/\/zumbahua.gob.ec\/cotopaxi\/wp-json\/wp\/v2\/pages\/2354\/revisions"}],"predecessor-version":[{"id":3738,"href":"https:\/\/zumbahua.gob.ec\/cotopaxi\/wp-json\/wp\/v2\/pages\/2354\/revisions\/3738"}],"wp:attachment":[{"href":"https:\/\/zumbahua.gob.ec\/cotopaxi\/wp-json\/wp\/v2\/media?parent=2354"}],"curies":[{"name":"wp","href":"https:\/\/api.w.org\/{rel}","templated":true}]}}